{"id":125,"date":"2012-04-05T16:59:35","date_gmt":"2012-04-05T15:59:35","guid":{"rendered":"http:\/\/cpm-portugal.pt\/WP\/?page_id=125"},"modified":"2023-02-08T11:09:08","modified_gmt":"2023-02-08T11:09:08","slug":"quem-somos","status":"publish","type":"page","link":"https:\/\/cpm-portugal.pt\/WP\/quem-somos\/quem-somos\/","title":{"rendered":"O que \u00e9 o CPM"},"content":{"rendered":"<p><a href=\"https:\/\/cpm-portugal.pt\/WP\/wp-content\/uploads\/2012\/04\/Logo-CPM.png\"><img loading=\"lazy\" decoding=\"async\" class=\"alignright size-full wp-image-148\" title=\"Logo-CPM\" src=\"https:\/\/cpm-portugal.pt\/WP\/wp-content\/uploads\/2012\/04\/Logo-CPM.png\" alt=\"\" width=\"200\" height=\"133\" \/><\/a><\/p>\n<p class=\"western\" align=\"justify\">O CPM (Centros de Prepara\u00e7\u00e3o para o Matrim\u00f3nio) \u00e9 um movimento de leigos e sacerdotes, reconhecido pela Igreja Cat\u00f3lica, e que tem por objetivo a prepara\u00e7\u00e3o de noivos para o Sacramento do Matrim\u00f3nio. Pretende-se caminhar com os noivos na constru\u00e7\u00e3o de um projeto de felicidade familiar vivida em consci\u00eancia e liberdade como sacramento, tomando consci\u00eancia de que:<\/p>\n<ul>\n<li>\n<p class=\"western\" align=\"justify\">\u201co bem da fam\u00edlia \u00e9 decisivo para o futuro do mundo e da Igreja\u201d (AL 31),<\/p>\n<\/li>\n<li>\n<p class=\"western\" align=\"justify\">o \u201cmatrim\u00f3nio n\u00e3o \u00e9 uma conven\u00e7\u00e3o social, um rito vazio ou o mero sinal externo de um compromisso, mas uma voca\u00e7\u00e3o que nos lan\u00e7a para diante, com a decis\u00e3o firme e realista de atravessarem juntos todas as prova\u00e7\u00f5es e momentos dif\u00edceis (AL72);<\/p>\n<\/li>\n<li>\n<p class=\"western\" align=\"justify\">\u201cquem vive intensamente a alegria de se casar n\u00e3o est\u00e1 a pensar em algo de passageiro\u201d (Al123), e assim a celebra\u00e7\u00e3o lit\u00fargica n\u00e3o \u00e9 o fim do caminho (AL211),<\/p>\n<\/li>\n<\/ul>\n<p class=\"western\" align=\"justify\">Para isto, o CPM realiza encontros de partilha e testemunho sobre temas relativos ao matrim\u00f3nio e \u00e0 vida em casal e em fam\u00edlia, que permitem fazem caminhar na descoberta\/reconhecimento que:<\/p>\n<ul>\n<li>\n<p class=\"western\" align=\"justify\">\u201co matrim\u00f3nio \u00e9 uma combina\u00e7\u00e3o necess\u00e1ria de alegrias e fadigas, de tens\u00f5es e repouso, de sofrimentos e liberta\u00e7\u00f5es, de satisfa\u00e7\u00f5es e buscas, de aborrecimentos e prazeres, sempre no caminho da amizade que impele os esposos a cuidarem um do outro (AL126)<\/p>\n<\/li>\n<li>\n<p class=\"western\" align=\"justify\">o matrim\u00f3nio \u00e9 o in\u00edcio de uma comunidade de vida e amor (FC 48), que coloca o \u201cverdadeiro amor entre marido e mulher\u201d no centro da fam\u00edlia,<\/p>\n<\/li>\n<li>\n<p class=\"western\" align=\"justify\">as fam\u00edlias, quando vivem no amor e realizam a sua voca\u00e7\u00e3o, s\u00e3o \u201ca primeira escola dos valores humanos, onde se aprende o bom uso da liberdade\u201d (AL274), e devem continuar a ser lugar onde se ensina a perceber as raz\u00f5es e a beleza da f\u00e9, a rezar e a servir o pr\u00f3ximo (AL287).<\/p>\n<\/li>\n<\/ul>\n<p class=\"western\" align=\"justify\">De igual modo, o CPM colabora na prepara\u00e7\u00e3o imediata dos noivos para que vivam intensa e profundamente a celebra\u00e7\u00e3o lit\u00fargica (AL 213), entendendo e assumindo o compromisso das suas vidas, para que possam \u201csentir e saborear interiormente\u201d (AL 207) cada gesto do ritual do sacramento do matrim\u00f3nio, que \u00e9 sinal do amor de Cristo que se entrega totalmente pela Sua Igreja. O mesmo Cristo que h\u00e1 de \u201ciluminar as crises, ang\u00fastias e dificuldades\u201d fazendo-se presente cada dia em que o casal vive, cresce no amor e em fam\u00edlia, celebra e reza unido, cai e se reergue, e se renova.<\/p>\n<p class=\"western\" align=\"justify\">Em resumo, CPM n\u00e3o \u00e9 um curso, mas uma caminhada de prepara\u00e7\u00e3o para o matrim\u00f3nio, nunca acabada, sempre original e constru\u00edda por cada casal, noiva e noivo, que com \u201centusiasmo e coragem aceitam este desafio\u201d (AL40) e recebem a miss\u00e3o e o dever de \u201cem cada momento ser reflexo do amor de Deus e fazer feliz aquele(a) que Deus lhe confia\u201d (Ir.RT).<\/p>\n<h1>Hist\u00f3ria<\/h1>\n<p>Durante a 2\u00aa Guerra Mundial, em Fran\u00e7a, alguns casais, preocupados com a desintegra\u00e7\u00e3o de numerosas fam\u00edlias e com a necessidade de aprofundar a sua espiritualidade conjugal, come\u00e7aram a reunir-se, e, com a ajuda de um Sacerdote &#8211; Padre Caff\u00e1rel &#8211; a compartilhar em equipa os pontos positivos e negativos da sua vida conjugal e familiar. Assim surgiu o movimento das Equipas de Nossa Senhora (\u00c9quipes de Notre Dame). A experi\u00eancia de trabalho em equipa nem sempre foi f\u00e1cil. A maior dificuldade provinha da falta de h\u00e1bito em \u00abfalar\u00bb (dialogar) com o outro e sobretudo em saber \u00abouvi-lo\u00bb. Refletindo sobre esse facto, conclu\u00edram que nenhum deles tinha tido uma prepara\u00e7\u00e3o adequada para o Matrim\u00f3nio.<br \/>\nEm 1952, o casal M. Pillias, em conjunto com outros e sob a orienta\u00e7\u00e3o do Padre Alphonse&#8221; d&#8217;Heilly, S. J., deixam as Equipas de Nossa Senhora, debru\u00e7am-se sobre as car\u00eancias espirituais e humanas evidenciadas pelos jovens que se apresentavam para contrair matrim\u00f3nio e tentam dar-lhes resposta atrav\u00e9s de um meio acess\u00edvel, crist\u00e3o e pedagogicamente adequado.<br \/>\n(Caderno n\u00ba 9 da FICPM, p\u00e1g. 27). Em 1956, depois de escolherem a tem\u00e1tica e a pedagogia apropriadas, fundaram o CPM (Gaspar Mora e Ignasi Salvat, \u00abHacer Caminho con las Parejas\u00bb, p\u00e1g. 262). A metodologia e a pedagogia escolhidas, n\u00e3o obstante as adapta\u00e7\u00f5es de tempo e lugar, ainda mant\u00eam as linhas mestras que estiveram na sua origem.<br \/>\nO CPM expandiu-se pela Fran\u00e7a, a seguir por Portugal e mais tarde por v\u00e1rios pa\u00edses da Europa Ocidental, Canad\u00e1 e Madag\u00e1scar.<br \/>\nEm 2023, e ap\u00f3s entradas e sa\u00eddas de pa\u00edses filiados na Federa\u00e7\u00e3o Internacional do CPM (FICPM) est\u00e1 ativamente implantado na B\u00e9gica, Espanha, Fran\u00e7a, It\u00e1lia, Luxemburgo, Madag\u00e1scar e Portugal.<br \/>\nEm Portugal o CPM existe desde 20 de Mar\u00e7o de 1960. (Estatutos, art\u00ba 1, n\u00ba 2) estando atualmente ativo em quase todas as dioceses do Pa\u00eds. Foi lan\u00e7ado em simult\u00e2neo nas dioceses do Porto e, Lisboa por iniciativas e vias diferentes. No Porto, surgiu devido a contactos que um casal das Equipas de Nossa Senhora teve com o CPM, em Fran\u00e7a, sendo decisiva a interven\u00e7\u00e3o do ent\u00e3o Bispo D. Ant\u00f3nio Ferreira Gomes; em Lisboa, devido \u00e0s rela\u00e7\u00f5es existentes entre o Padre d&#8217;Heilly &#8211; fundador e grande impulsionador do CPM, que habitualmente passava f\u00e9rias em Portugal &#8211; e alguns casais portugueses.<br \/>\nA Federa\u00e7\u00e3o dos Centros de Prepara\u00e7\u00e3o para o Matrim\u00f3nio (CPM-Portugal) tem Estatutos aprovados pela Confer\u00eancia Episcopal em 10 de Abril de 1991, goza de personalidade jur\u00eddica desde 1 de Julho de 1991 e est\u00e1 inscrita no Registo Nacional de Pessoas Coletivas desde 21 de Abril de 1994.<\/p>\n<h1>A estrutura CPM<\/h1>\n<p>A estrutura b\u00e1sica do CPM \u00e9, no entanto, o Centro local, que \u00e9 classificado, conforme a sua abrang\u00eancia, como paroquial, interparoquial, vicarial, arciprestal\/ouvidoria ou regional. \u00c9 a partir desse Centro local que o movimento se organiza, depois, em estrutura diocesana, nacional e internacional.<br \/>\nCada equipa de base \u00e9 constitu\u00edda por 6 ou 7 casais, dos quais um \u00e9 o coordenador e os restantes animadores, e por um assistente, normalmente um sacerdote. A sua prepara\u00e7\u00e3o para a a\u00e7\u00e3o pastoral com os noivos assenta na revis\u00e3o de vida em casal e na partilha da mesma em equipa. Trata-se de um grupo de crist\u00e3os empenhados e dispostos a testemunhar a sua vida conjugal, com intuito de ajudar os noivos a refletirem sobre o passo que desejam dar, contribuindo, assim, para a constitui\u00e7\u00e3o de lares felizes.<br \/>\nComo refere a apresenta\u00e7\u00e3o do CPM no seu Guia de Di\u00e1logo, um instrumento de orienta\u00e7\u00e3o metodol\u00f3gica, \u201cn\u00e3o s\u00e3o t\u00e9cnicos nem especialistas, mas casais cujas dificuldades, ao n\u00edvel conjugal e familiar, t\u00eam sabido ultrapassar pelo di\u00e1logo, pelo perd\u00e3o e pela compreens\u00e3o. Esfor\u00e7am-se por viver com alegria o amor que os une e testemunham que esse amor \u00e9 poss\u00edvel durante toda a vida.\u201d<\/p>\n<h1>Metodologia<\/h1>\n<p>A prepara\u00e7\u00e3o CPM assenta numa pedagogia e metodologia pr\u00f3prias, baseadas em tr\u00eas pilares fundamentais: revis\u00e3o de vida dos casais, trabalho de reflex\u00e3o dos noivos e testemunho vivencial dos casais.<br \/>\nEsse trabalho de reflex\u00e3o dos noivos desenvolve-se em seis sess\u00f5es, com os seguintes temas: \u201cUma comunidade de amor\u201d, \u201cMatrim\u00f3nio \u2013 Sacramento\u201d, \u201cDi\u00e1logo e gestos de amor\u201d, \u201cA fecundidade do casal\u201d, \u201cNova situa\u00e7\u00e3o \u2013 Novas exig\u00eancias\u201d e \u201cO amor ao longo da vida\u201d.<br \/>\nEm cada sess\u00e3o h\u00e1 momentos de trabalho de grupo, de conv\u00edvio, de plen\u00e1rio, de testemunho de um casal, de interven\u00e7\u00e3o do assistente e de ora\u00e7\u00e3o.<br \/>\nNeste contexto, o papel do assistente \u00e9 o de acompanhar a equipa na prepara\u00e7\u00e3o do CPM e na sua pr\u00f3pria forma\u00e7\u00e3o e crescimento humano e espiritual, estar ao servi\u00e7o dos noivos durante as sess\u00f5es e ajud\u00e1-los a descobrirem a dimens\u00e3o espiritual do matrim\u00f3nio e a conseguirem \u201cum amor de qualidade\u201d, numa descoberta do \u201cser\u201d e do \u201cexistir\u201d da fam\u00edlia como \u201cIgreja dom\u00e9stica\u201d.<\/p>\n","protected":false},"excerpt":{"rendered":"<p>O CPM (Centros de Prepara\u00e7\u00e3o para o Matrim\u00f3nio) \u00e9 um movimento de leigos e sacerdotes, reconhecido pela Igreja Cat\u00f3lica, e que tem por objetivo a prepara\u00e7\u00e3o de noivos para o Sacramento do Matrim\u00f3nio. Pretende-se caminhar com os noivos na constru\u00e7\u00e3o<span class=\"ellipsis\">&hellip;<\/span><\/p>\n<div class=\"read-more\"><a href=\"https:\/\/cpm-portugal.pt\/WP\/quem-somos\/quem-somos\/\">Ler mais &#8250;<\/a><\/div>\n<p><!-- end of .read-more --><\/p>\n","protected":false},"author":3772,"featured_media":0,"parent":822,"menu_order":0,"comment_status":"closed","ping_status":"closed","template":"","meta":{"footnotes":""},"class_list":["post-125","page","type-page","status-publish","hentry"],"_links":{"self":[{"href":"https:\/\/cpm-portugal.pt\/WP\/wp-json\/wp\/v2\/pages\/125"}],"collection":[{"href":"https:\/\/cpm-portugal.pt\/WP\/wp-json\/wp\/v2\/pages"}],"about":[{"href":"https:\/\/cpm-portugal.pt\/WP\/wp-json\/wp\/v2\/types\/page"}],"author":[{"embeddable":true,"href":"https:\/\/cpm-portugal.pt\/WP\/wp-json\/wp\/v2\/users\/3772"}],"replies":[{"embeddable":true,"href":"https:\/\/cpm-portugal.pt\/WP\/wp-json\/wp\/v2\/comments?post=125"}],"version-history":[{"count":10,"href":"https:\/\/cpm-portugal.pt\/WP\/wp-json\/wp\/v2\/pages\/125\/revisions"}],"predecessor-version":[{"id":5391,"href":"https:\/\/cpm-portugal.pt\/WP\/wp-json\/wp\/v2\/pages\/125\/revisions\/5391"}],"up":[{"embeddable":true,"href":"https:\/\/cpm-portugal.pt\/WP\/wp-json\/wp\/v2\/pages\/822"}],"wp:attachment":[{"href":"https:\/\/cpm-portugal.pt\/WP\/wp-json\/wp\/v2\/media?parent=125"}],"curies":[{"name":"wp","href":"https:\/\/api.w.org\/{rel}","templated":true}]}}