{"id":168,"date":"2012-04-05T17:40:43","date_gmt":"2012-04-05T16:40:43","guid":{"rendered":"http:\/\/cpm-portugal.pt\/WP\/?page_id=168"},"modified":"2020-03-12T09:41:33","modified_gmt":"2020-03-12T09:41:33","slug":"por-que-casar","status":"publish","type":"page","link":"https:\/\/cpm-portugal.pt\/WP\/para-os-noivos\/por-que-casar\/","title":{"rendered":"Por qu\u00ea casar?"},"content":{"rendered":"<p><a href=\"https:\/\/cpm-portugal.pt\/WP\/wp-content\/uploads\/2012\/04\/aliancas.jpg\"><img loading=\"lazy\" decoding=\"async\" class=\"alignright size-medium wp-image-374\" title=\"Two gold rings - reflected candles\" src=\"https:\/\/cpm-portugal.pt\/WP\/wp-content\/uploads\/2012\/04\/aliancas-300x225.jpg\" alt=\"\" width=\"300\" height=\"225\" srcset=\"https:\/\/cpm-portugal.pt\/WP\/wp-content\/uploads\/2012\/04\/aliancas-300x225.jpg 300w, https:\/\/cpm-portugal.pt\/WP\/wp-content\/uploads\/2012\/04\/aliancas.jpg 400w\" sizes=\"(max-width: 300px) 100vw, 300px\" \/><\/a>Quando duas pessoas gostam uma da outra chegam a um momento em que sentem que o seu amor s\u00f3 avan\u00e7ar\u00e1 se unirem as suas vidas:<br \/>\n&#8220;J\u00e1 nos conhecemos bem, sentimo-nos bem uma com o outro, queremos partilhara s nossas vidas&#8221;<\/p>\n<p>Essa uni\u00e3o traz consigo, muitas vezes, o desejo de assumir perante a sociedade um compromisso firme, esperando que ela, em troca, reconhe\u00e7a o casal:<\/p>\n<p>&#8220;Queremos dizer o sim todos os dias e ter testemunhas do nosso compromisso.&#8221;<\/p>\n<p>&#8220;Queremos ser reconhecidos e levados a s\u00e9rio como casal.&#8221;<\/p>\n<p>Traduz tamb\u00e9m geralmente o desejo de constituir uma fam\u00edlia:<\/p>\n<p>&#8220;J\u00e1 verific\u00e1mos o nosso amor e a solidez da nossa rela\u00e7\u00e3o. J\u00e1 podemos assumir, com responsabilidade e maturidade, o compromisso que achamos necess\u00e1rio \u00e0 constitui\u00e7\u00e3o de um lar e de uma fam\u00edlia.&#8221;<\/p>\n<p>E n\u00f3s, porque \u00e9 que casamos?<\/p>\n<p style=\"text-align: right;\">(In: &#8220;Vamos Casar&#8221;)<\/p>\n","protected":false},"excerpt":{"rendered":"<p>Quando duas pessoas gostam uma da outra chegam a um momento em que sentem que o seu amor s\u00f3 avan\u00e7ar\u00e1 se unirem as suas vidas: &#8220;J\u00e1 nos conhecemos bem, sentimo-nos bem uma com o outro, queremos partilhara s nossas vidas&#8221;<span class=\"ellipsis\">&hellip;<\/span><\/p>\n<div class=\"read-more\"><a href=\"https:\/\/cpm-portugal.pt\/WP\/para-os-noivos\/por-que-casar\/\">Ler mais &#8250;<\/a><\/div>\n<p><!-- end of .read-more --><\/p>\n","protected":false},"author":3772,"featured_media":0,"parent":162,"menu_order":0,"comment_status":"closed","ping_status":"closed","template":"full-width-page.php","meta":{"footnotes":""},"class_list":["post-168","page","type-page","status-publish","hentry"],"_links":{"self":[{"href":"https:\/\/cpm-portugal.pt\/WP\/wp-json\/wp\/v2\/pages\/168"}],"collection":[{"href":"https:\/\/cpm-portugal.pt\/WP\/wp-json\/wp\/v2\/pages"}],"about":[{"href":"https:\/\/cpm-portugal.pt\/WP\/wp-json\/wp\/v2\/types\/page"}],"author":[{"embeddable":true,"href":"https:\/\/cpm-portugal.pt\/WP\/wp-json\/wp\/v2\/users\/3772"}],"replies":[{"embeddable":true,"href":"https:\/\/cpm-portugal.pt\/WP\/wp-json\/wp\/v2\/comments?post=168"}],"version-history":[{"count":6,"href":"https:\/\/cpm-portugal.pt\/WP\/wp-json\/wp\/v2\/pages\/168\/revisions"}],"predecessor-version":[{"id":841,"href":"https:\/\/cpm-portugal.pt\/WP\/wp-json\/wp\/v2\/pages\/168\/revisions\/841"}],"up":[{"embeddable":true,"href":"https:\/\/cpm-portugal.pt\/WP\/wp-json\/wp\/v2\/pages\/162"}],"wp:attachment":[{"href":"https:\/\/cpm-portugal.pt\/WP\/wp-json\/wp\/v2\/media?parent=168"}],"curies":[{"name":"wp","href":"https:\/\/api.w.org\/{rel}","templated":true}]}}