{"id":170,"date":"2012-04-05T17:41:07","date_gmt":"2012-04-05T16:41:07","guid":{"rendered":"http:\/\/cpm-portugal.pt\/WP\/?page_id=170"},"modified":"2020-03-12T09:41:57","modified_gmt":"2020-03-12T09:41:57","slug":"casar-na-igreja","status":"publish","type":"page","link":"https:\/\/cpm-portugal.pt\/WP\/para-os-noivos\/casar-na-igreja\/","title":{"rendered":"Casar na igreja"},"content":{"rendered":"<p><a href=\"https:\/\/cpm-portugal.pt\/WP\/wp-content\/uploads\/2012\/04\/igreja.jpg\"><img loading=\"lazy\" decoding=\"async\" class=\"alignright size-medium wp-image-379\" title=\"igreja\" src=\"https:\/\/cpm-portugal.pt\/WP\/wp-content\/uploads\/2012\/04\/igreja-300x200.jpg\" alt=\"\" width=\"300\" height=\"200\" srcset=\"https:\/\/cpm-portugal.pt\/WP\/wp-content\/uploads\/2012\/04\/igreja-300x200.jpg 300w, https:\/\/cpm-portugal.pt\/WP\/wp-content\/uploads\/2012\/04\/igreja.jpg 500w\" sizes=\"(max-width: 300px) 100vw, 300px\" \/><\/a>Os noivos t\u00eam geralmente uma ideia do valor do Matrim\u00f3nio Cat\u00f3lico:<br \/>\n&#8220;Se n\u00e3o cas\u00e1ssemos na Igreja, parecia que n\u00e3o cas\u00e1vamos.&#8221;<\/p>\n<p>&#8220;Se f\u00f4ssemos s\u00f3 ao Registo, faz\u00edamos um contrato que poder\u00edamos romper: na Igreja o compromisso \u00e9 mais solene.&#8221;<\/p>\n<p>Mas o casamento na Igreja n\u00e3o deve surgir apenas para satisfazer os pais, por raz\u00f5es sociais ou por ser mais solene.<\/p>\n<p>Muitos noivos querem casar na Igreja porque acham que Deus proteger\u00e1 o seu amor:<\/p>\n<p>&#8220;Perante Deus, o nosso compromisso \u00e9 mais forte.&#8221;<\/p>\n<p>&#8220;Hoje amamo-nos, mas amanh\u00e3, como ser\u00e1? Contamos com Deus para nos ajudar a vencer este desafio.&#8221;<\/p>\n<p>Para outros noivos, o casamento na Igreja surge como uma evolu\u00e7\u00e3o natural da sua rela\u00e7\u00e3o:<\/p>\n<p>&#8220;Se foi Deus que nos aproximou, Ele deve ser testemunha privilegiada do nosso amor.&#8221;<\/p>\n<p>&#8220;Queremos que Deus e a sua Igreja vivam connosco a nossa uni\u00e3o.&#8221;<\/p>\n<h2>E n\u00f3s, porque queremos casar na Igreja?<\/h2>\n<p>O Matrim\u00f3nio crist\u00e3o assenta na vontade, livre e esclarecida, dos esposos de se darem um ao outro, m\u00fatua e definitivamente, com o fim de viverem uma alian\u00e7a de amor fiel e fecundo. (Catecismo da Igreja Cat\u00f3lica &#8211; 1662)<\/p>\n<p>Quando o casamento \u00e9 celebrado entre dois baptizados na F\u00e9, ele \u00e9 Sacramento. Atrav\u00e9s do seu &#8220;sim&#8221;, os esposos recebem uma miss\u00e3o e uma gra\u00e7a matrimoniais &#8211; ser sinal do pr\u00f3prio amor de Deus, do amor de Cristo pela sua esposa, a Igreja.<\/p>\n<p>De facto &#8220;O Sacramento do Matrim\u00f3nio \u00e9 sinal de uni\u00e3o de Cristo e da Igreja. Confere aos esposos a gra\u00e7a de se amarem com o amor com que Cristo amou a sua Igreja; a gra\u00e7a do Sacramento aperfei\u00e7oa assim o amor humano dos esposos. D\u00e1 firmeza \u00e0 sua unidade indissol\u00favel e santifica-os no caminho da vida eterna&#8221; (Catecismo da Igreja Cat\u00f3lica &#8211; 1661)<\/p>\n<p style=\"text-align: right;\">(In: &#8220;Vamos Casar&#8221;)<\/p>\n","protected":false},"excerpt":{"rendered":"<p>Os noivos t\u00eam geralmente uma ideia do valor do Matrim\u00f3nio Cat\u00f3lico: &#8220;Se n\u00e3o cas\u00e1ssemos na Igreja, parecia que n\u00e3o cas\u00e1vamos.&#8221; &#8220;Se f\u00f4ssemos s\u00f3 ao Registo, faz\u00edamos um contrato que poder\u00edamos romper: na Igreja o compromisso \u00e9 mais solene.&#8221; Mas o<span class=\"ellipsis\">&hellip;<\/span><\/p>\n<div class=\"read-more\"><a href=\"https:\/\/cpm-portugal.pt\/WP\/para-os-noivos\/casar-na-igreja\/\">Ler mais &#8250;<\/a><\/div>\n<p><!-- end of .read-more --><\/p>\n","protected":false},"author":3772,"featured_media":0,"parent":162,"menu_order":0,"comment_status":"closed","ping_status":"closed","template":"full-width-page.php","meta":{"footnotes":""},"class_list":["post-170","page","type-page","status-publish","hentry"],"_links":{"self":[{"href":"https:\/\/cpm-portugal.pt\/WP\/wp-json\/wp\/v2\/pages\/170"}],"collection":[{"href":"https:\/\/cpm-portugal.pt\/WP\/wp-json\/wp\/v2\/pages"}],"about":[{"href":"https:\/\/cpm-portugal.pt\/WP\/wp-json\/wp\/v2\/types\/page"}],"author":[{"embeddable":true,"href":"https:\/\/cpm-portugal.pt\/WP\/wp-json\/wp\/v2\/users\/3772"}],"replies":[{"embeddable":true,"href":"https:\/\/cpm-portugal.pt\/WP\/wp-json\/wp\/v2\/comments?post=170"}],"version-history":[{"count":4,"href":"https:\/\/cpm-portugal.pt\/WP\/wp-json\/wp\/v2\/pages\/170\/revisions"}],"predecessor-version":[{"id":842,"href":"https:\/\/cpm-portugal.pt\/WP\/wp-json\/wp\/v2\/pages\/170\/revisions\/842"}],"up":[{"embeddable":true,"href":"https:\/\/cpm-portugal.pt\/WP\/wp-json\/wp\/v2\/pages\/162"}],"wp:attachment":[{"href":"https:\/\/cpm-portugal.pt\/WP\/wp-json\/wp\/v2\/media?parent=170"}],"curies":[{"name":"wp","href":"https:\/\/api.w.org\/{rel}","templated":true}]}}