{"id":2844,"date":"2015-08-24T21:33:16","date_gmt":"2015-08-24T20:33:16","guid":{"rendered":"http:\/\/cpm-portugal.pt\/WP\/?page_id=2844"},"modified":"2020-03-12T09:40:08","modified_gmt":"2020-03-12T09:40:08","slug":"parcerias","status":"publish","type":"page","link":"https:\/\/cpm-portugal.pt\/WP\/quem-somos\/parcerias\/","title":{"rendered":"Parcerias"},"content":{"rendered":"<p><a href=\"https:\/\/cpm-portugal.pt\/WP\/?attachment_id=835\"><img loading=\"lazy\" decoding=\"async\" class=\"alignright size-full wp-image-835\" title=\"contactos\" src=\"https:\/\/cpm-portugal.pt\/WP\/wp-content\/uploads\/contactos.png\" alt=\"\" width=\"256\" height=\"256\" srcset=\"https:\/\/cpm-portugal.pt\/WP\/wp-content\/uploads\/contactos.png 256w, https:\/\/cpm-portugal.pt\/WP\/wp-content\/uploads\/contactos-150x150.png 150w\" sizes=\"(max-width: 256px) 100vw, 256px\" \/><\/a><\/p>\n<h4>Parcerias Internacionais<\/h4>\n<p>O CPM Portugal pertence a<br \/>\n<a href=\"http:\/\/www.ficpm.org\/index_pt.html\" target=\"_blank\" rel=\"noopener noreferrer\">FICPM &#8211; Federa\u00e7\u00e3o Internacional de Centros de Prepara\u00e7\u00e3o para o Matrim\u00f3nio<\/a><\/p>\n<h4>Parcerias Nacionais<\/h4>\n<p>O CPM Portugal pertence a<br \/>\n<a href=\"http:\/\/www.cnal.pt\" target=\"_blank\" rel=\"noopener noreferrer\">CNAL &#8211; Confer\u00eancia Nacional de Apostolado dos Leigos<\/a><\/p>\n","protected":false},"excerpt":{"rendered":"<p>Parcerias Internacionais O CPM Portugal pertence a FICPM &#8211; Federa\u00e7\u00e3o Internacional de Centros de Prepara\u00e7\u00e3o para o Matrim\u00f3nio Parcerias Nacionais O CPM Portugal pertence a CNAL &#8211; Confer\u00eancia Nacional de Apostolado dos Leigos<\/p>\n","protected":false},"author":1,"featured_media":0,"parent":822,"menu_order":4,"comment_status":"closed","ping_status":"closed","template":"full-width-page.php","meta":{"footnotes":""},"class_list":["post-2844","page","type-page","status-publish","hentry"],"_links":{"self":[{"href":"https:\/\/cpm-portugal.pt\/WP\/wp-json\/wp\/v2\/pages\/2844"}],"collection":[{"href":"https:\/\/cpm-portugal.pt\/WP\/wp-json\/wp\/v2\/pages"}],"about":[{"href":"https:\/\/cpm-portugal.pt\/WP\/wp-json\/wp\/v2\/types\/page"}],"author":[{"embeddable":true,"href":"https:\/\/cpm-portugal.pt\/WP\/wp-json\/wp\/v2\/users\/1"}],"replies":[{"embeddable":true,"href":"https:\/\/cpm-portugal.pt\/WP\/wp-json\/wp\/v2\/comments?post=2844"}],"version-history":[{"count":12,"href":"https:\/\/cpm-portugal.pt\/WP\/wp-json\/wp\/v2\/pages\/2844\/revisions"}],"predecessor-version":[{"id":5216,"href":"https:\/\/cpm-portugal.pt\/WP\/wp-json\/wp\/v2\/pages\/2844\/revisions\/5216"}],"up":[{"embeddable":true,"href":"https:\/\/cpm-portugal.pt\/WP\/wp-json\/wp\/v2\/pages\/822"}],"wp:attachment":[{"href":"https:\/\/cpm-portugal.pt\/WP\/wp-json\/wp\/v2\/media?parent=2844"}],"curies":[{"name":"wp","href":"https:\/\/api.w.org\/{rel}","templated":true}]}}