{"id":428,"date":"2012-04-11T12:38:06","date_gmt":"2012-04-11T11:38:06","guid":{"rendered":"http:\/\/cpm-portugal.pt\/WP\/?page_id=428"},"modified":"2019-05-27T11:50:46","modified_gmt":"2019-05-27T10:50:46","slug":"temas-dos-encontros-cpm","status":"publish","type":"page","link":"https:\/\/cpm-portugal.pt\/WP\/equipas-cpm\/temas-dos-encontros-cpm\/","title":{"rendered":"Temas dos Encontros CPM"},"content":{"rendered":"<p>Tema 1 &#8211; Uma Comunidade de Amor<br \/>\nTema 2  &#8211; Nova Situa\u00e7\u00e3o &#8211; Novas Exig\u00eancias<br \/>\nTema 3  &#8211; Di\u00e1logo e Gestos de Amor<br \/>\nTema 4  &#8211; A Fecundidade do Casal<br \/>\nTema 5 &#8211; Matrim\u00f3nio &#8211; Sacramento<br \/>\nTema 6  &#8211; O Amor ao Longo da Vida<\/p>\n","protected":false},"excerpt":{"rendered":"<p>Tema 1 &#8211; Uma Comunidade de Amor Tema 2 &#8211; Nova Situa\u00e7\u00e3o &#8211; Novas Exig\u00eancias Tema 3 &#8211; Di\u00e1logo e Gestos de Amor Tema 4 &#8211; A Fecundidade do Casal Tema 5 &#8211; Matrim\u00f3nio &#8211; Sacramento Tema 6 &#8211; O<span class=\"ellipsis\">&hellip;<\/span><\/p>\n<div class=\"read-more\"><a href=\"https:\/\/cpm-portugal.pt\/WP\/equipas-cpm\/temas-dos-encontros-cpm\/\">Ler mais &#8250;<\/a><\/div>\n<p><!-- end of .read-more --><\/p>\n","protected":false},"author":3772,"featured_media":0,"parent":164,"menu_order":0,"comment_status":"closed","ping_status":"closed","template":"","meta":{"footnotes":""},"class_list":["post-428","page","type-page","status-publish","hentry"],"_links":{"self":[{"href":"https:\/\/cpm-portugal.pt\/WP\/wp-json\/wp\/v2\/pages\/428"}],"collection":[{"href":"https:\/\/cpm-portugal.pt\/WP\/wp-json\/wp\/v2\/pages"}],"about":[{"href":"https:\/\/cpm-portugal.pt\/WP\/wp-json\/wp\/v2\/types\/page"}],"author":[{"embeddable":true,"href":"https:\/\/cpm-portugal.pt\/WP\/wp-json\/wp\/v2\/users\/3772"}],"replies":[{"embeddable":true,"href":"https:\/\/cpm-portugal.pt\/WP\/wp-json\/wp\/v2\/comments?post=428"}],"version-history":[{"count":3,"href":"https:\/\/cpm-portugal.pt\/WP\/wp-json\/wp\/v2\/pages\/428\/revisions"}],"predecessor-version":[{"id":4826,"href":"https:\/\/cpm-portugal.pt\/WP\/wp-json\/wp\/v2\/pages\/428\/revisions\/4826"}],"up":[{"embeddable":true,"href":"https:\/\/cpm-portugal.pt\/WP\/wp-json\/wp\/v2\/pages\/164"}],"wp:attachment":[{"href":"https:\/\/cpm-portugal.pt\/WP\/wp-json\/wp\/v2\/media?parent=428"}],"curies":[{"name":"wp","href":"https:\/\/api.w.org\/{rel}","templated":true}]}}