{"id":822,"date":"2012-04-19T09:57:03","date_gmt":"2012-04-19T08:57:03","guid":{"rendered":"http:\/\/cpm-portugal.pt\/WP\/?page_id=822"},"modified":"2020-03-06T15:02:16","modified_gmt":"2020-03-06T15:02:16","slug":"quem-somos","status":"publish","type":"page","link":"https:\/\/cpm-portugal.pt\/WP\/quem-somos\/","title":{"rendered":"Quem somos"},"content":{"rendered":"<p><a href=\"https:\/\/cpm-portugal.pt\/WP\/quem-somos\/quem-somos\/\">O que \u00e9 o CPM?<\/a><br \/>\n<a href=\"https:\/\/cpm-portugal.pt\/WP\/quem-somos\/orgaos-nacionais\/\">\u00d3rg\u00e3os Nacionais<\/a><br \/>\n<a href=\"https:\/\/cpm-portugal.pt\/WP\/quem-somos\/equipas-diocesanas\/\">Equipas Diocesanas<\/a><br \/>\n<a href=\"https:\/\/cpm-portugal.pt\/WP\/quem-somos\/parcerias\/\">Parcerias<\/a><\/p>\n","protected":false},"excerpt":{"rendered":"<p>O que \u00e9 o CPM? \u00d3rg\u00e3os Nacionais Equipas Diocesanas Parcerias<\/p>\n","protected":false},"author":3772,"featured_media":0,"parent":0,"menu_order":0,"comment_status":"closed","ping_status":"closed","template":"full-width-page.php","meta":{"footnotes":""},"class_list":["post-822","page","type-page","status-publish","hentry"],"_links":{"self":[{"href":"https:\/\/cpm-portugal.pt\/WP\/wp-json\/wp\/v2\/pages\/822"}],"collection":[{"href":"https:\/\/cpm-portugal.pt\/WP\/wp-json\/wp\/v2\/pages"}],"about":[{"href":"https:\/\/cpm-portugal.pt\/WP\/wp-json\/wp\/v2\/types\/page"}],"author":[{"embeddable":true,"href":"https:\/\/cpm-portugal.pt\/WP\/wp-json\/wp\/v2\/users\/3772"}],"replies":[{"embeddable":true,"href":"https:\/\/cpm-portugal.pt\/WP\/wp-json\/wp\/v2\/comments?post=822"}],"version-history":[{"count":5,"href":"https:\/\/cpm-portugal.pt\/WP\/wp-json\/wp\/v2\/pages\/822\/revisions"}],"predecessor-version":[{"id":5213,"href":"https:\/\/cpm-portugal.pt\/WP\/wp-json\/wp\/v2\/pages\/822\/revisions\/5213"}],"wp:attachment":[{"href":"https:\/\/cpm-portugal.pt\/WP\/wp-json\/wp\/v2\/media?parent=822"}],"curies":[{"name":"wp","href":"https:\/\/api.w.org\/{rel}","templated":true}]}}